{"id":3026,"date":"2024-03-25T10:04:58","date_gmt":"2024-03-25T07:04:58","guid":{"rendered":"https:\/\/scoalalucianblagabm.ro\/wp\/?page_id=3026"},"modified":"2024-06-28T11:08:21","modified_gmt":"2024-06-28T08:08:21","slug":"informatii-clasa-pregatitoare-an-scolar-2024-2025","status":"publish","type":"page","link":"https:\/\/scoalalucianblagabm.ro\/wp\/?page_id=3026","title":{"rendered":"Informa\u021bii clasa preg\u0103titoare, an \u0219colar 2024-2025"},"content":{"rendered":"\n<div data-wp-interactive=\"core\/file\" class=\"wp-block-file\"><object data-wp-bind--hidden=\"!state.hasPdfPreview\" hidden class=\"wp-block-file__embed\" data=\"https:\/\/scoalalucianblagabm.ro\/wp\/wp-content\/uploads\/2024\/06\/Formatiunea-I.pdf\" type=\"application\/pdf\" style=\"width:100%;height:600px\" aria-label=\"\u00cenglobare pentru Formatiunea-I.\"><\/object><a id=\"wp-block-file--media-65fcb5e7-264f-4e47-9865-d2c8e30dc415\" href=\"https:\/\/scoalalucianblagabm.ro\/wp\/wp-content\/uploads\/2024\/06\/Formatiunea-I.pdf\">Formatiunea-I<\/a><a href=\"https:\/\/scoalalucianblagabm.ro\/wp\/wp-content\/uploads\/2024\/06\/Formatiunea-I.pdf\" class=\"wp-block-file__button wp-element-button\" download aria-describedby=\"wp-block-file--media-65fcb5e7-264f-4e47-9865-d2c8e30dc415\">Descarc\u0103<\/a><\/div>\n\n\n\n<div data-wp-interactive=\"core\/file\" class=\"wp-block-file\"><object data-wp-bind--hidden=\"!state.hasPdfPreview\" hidden class=\"wp-block-file__embed\" data=\"https:\/\/scoalalucianblagabm.ro\/wp\/wp-content\/uploads\/2024\/06\/Formatiunea-II.pdf\" type=\"application\/pdf\" style=\"width:100%;height:600px\" aria-label=\"\u00cenglobare pentru Formatiunea-II.\"><\/object><a id=\"wp-block-file--media-f5571cb4-7840-4938-8e9e-be01eb1b5430\" href=\"https:\/\/scoalalucianblagabm.ro\/wp\/wp-content\/uploads\/2024\/06\/Formatiunea-II.pdf\">Formatiunea-II<\/a><a href=\"https:\/\/scoalalucianblagabm.ro\/wp\/wp-content\/uploads\/2024\/06\/Formatiunea-II.pdf\" class=\"wp-block-file__button wp-element-button\" download aria-describedby=\"wp-block-file--media-f5571cb4-7840-4938-8e9e-be01eb1b5430\">Descarc\u0103<\/a><\/div>\n\n\n\n<div data-wp-interactive=\"core\/file\" class=\"wp-block-file\"><object data-wp-bind--hidden=\"!state.hasPdfPreview\" hidden class=\"wp-block-file__embed\" data=\"https:\/\/scoalalucianblagabm.ro\/wp\/wp-content\/uploads\/2024\/06\/Formatiunea-III.pdf\" type=\"application\/pdf\" style=\"width:100%;height:600px\" aria-label=\"\u00cenglobare pentru Formatiunea-III.\"><\/object><a id=\"wp-block-file--media-7079f7a0-7e24-40c6-b397-ac6417710a61\" href=\"https:\/\/scoalalucianblagabm.ro\/wp\/wp-content\/uploads\/2024\/06\/Formatiunea-III.pdf\">Formatiunea-III<\/a><a href=\"https:\/\/scoalalucianblagabm.ro\/wp\/wp-content\/uploads\/2024\/06\/Formatiunea-III.pdf\" class=\"wp-block-file__button wp-element-button\" download aria-describedby=\"wp-block-file--media-7079f7a0-7e24-40c6-b397-ac6417710a61\">Descarc\u0103<\/a><\/div>\n\n\n\n<div data-wp-interactive=\"core\/file\" class=\"wp-block-file\"><object data-wp-bind--hidden=\"!state.hasPdfPreview\" hidden class=\"wp-block-file__embed\" data=\"https:\/\/scoalalucianblagabm.ro\/wp\/wp-content\/uploads\/2024\/06\/Formatiunea-IV.pdf\" type=\"application\/pdf\" style=\"width:100%;height:600px\" aria-label=\"\u00cenglobare pentru Formatiunea-IV.\"><\/object><a id=\"wp-block-file--media-282d7bfe-e0c3-42cf-9c6e-755ba77881e2\" href=\"https:\/\/scoalalucianblagabm.ro\/wp\/wp-content\/uploads\/2024\/06\/Formatiunea-IV.pdf\">Formatiunea-IV<\/a><a href=\"https:\/\/scoalalucianblagabm.ro\/wp\/wp-content\/uploads\/2024\/06\/Formatiunea-IV.pdf\" class=\"wp-block-file__button wp-element-button\" download aria-describedby=\"wp-block-file--media-282d7bfe-e0c3-42cf-9c6e-755ba77881e2\">Descarc\u0103<\/a><\/div>\n\n\n\n<div data-wp-interactive=\"core\/file\" class=\"wp-block-file\"><object data-wp-bind--hidden=\"!state.hasPdfPreview\" hidden class=\"wp-block-file__embed\" data=\"https:\/\/scoalalucianblagabm.ro\/wp\/wp-content\/uploads\/2024\/06\/Formatiunea-V.pdf\" type=\"application\/pdf\" style=\"width:100%;height:600px\" aria-label=\"\u00cenglobare pentru Formatiunea-V.\"><\/object><a id=\"wp-block-file--media-267c7a44-6d49-4aab-a4c9-7aa6fd3b00e4\" href=\"https:\/\/scoalalucianblagabm.ro\/wp\/wp-content\/uploads\/2024\/06\/Formatiunea-V.pdf\">Formatiunea-V<\/a><a href=\"https:\/\/scoalalucianblagabm.ro\/wp\/wp-content\/uploads\/2024\/06\/Formatiunea-V.pdf\" class=\"wp-block-file__button wp-element-button\" download aria-describedby=\"wp-block-file--media-267c7a44-6d49-4aab-a4c9-7aa6fd3b00e4\">Descarc\u0103<\/a><\/div>\n\n\n\n<div data-wp-interactive=\"core\/file\" class=\"wp-block-file\"><object data-wp-bind--hidden=\"!state.hasPdfPreview\" hidden class=\"wp-block-file__embed\" data=\"https:\/\/scoalalucianblagabm.ro\/wp\/wp-content\/uploads\/2024\/06\/Formatiunea-VI.pdf\" type=\"application\/pdf\" style=\"width:100%;height:600px\" aria-label=\"\u00cenglobare pentru Formatiunea-VI.\"><\/object><a id=\"wp-block-file--media-d12cd41e-bcbe-478f-b2a6-3deccf813966\" href=\"https:\/\/scoalalucianblagabm.ro\/wp\/wp-content\/uploads\/2024\/06\/Formatiunea-VI.pdf\">Formatiunea-VI<\/a><a href=\"https:\/\/scoalalucianblagabm.ro\/wp\/wp-content\/uploads\/2024\/06\/Formatiunea-VI.pdf\" class=\"wp-block-file__button wp-element-button\" download aria-describedby=\"wp-block-file--media-d12cd41e-bcbe-478f-b2a6-3deccf813966\">Descarc\u0103<\/a><\/div>\n\n\n\n<div data-wp-interactive=\"core\/file\" class=\"wp-block-file\"><object data-wp-bind--hidden=\"!state.hasPdfPreview\" hidden class=\"wp-block-file__embed\" data=\"https:\/\/scoalalucianblagabm.ro\/wp\/wp-content\/uploads\/2024\/06\/Invitatie-parinti-participare-extragere-la-sorti-cls-pregatitoare-2024.pdf\" type=\"application\/pdf\" style=\"width:100%;height:600px\" aria-label=\"\u00cenglobare pentru Invitatie-parinti-participare-extragere-la-sorti-cls-pregatitoare-2024.\"><\/object><a id=\"wp-block-file--media-84c9ca41-54ff-4ade-91d8-77b297211f88\" href=\"https:\/\/scoalalucianblagabm.ro\/wp\/wp-content\/uploads\/2024\/06\/Invitatie-parinti-participare-extragere-la-sorti-cls-pregatitoare-2024.pdf\">Invitatie-parinti-participare-extragere-la-sorti-cls-pregatitoare-2024<\/a><a href=\"https:\/\/scoalalucianblagabm.ro\/wp\/wp-content\/uploads\/2024\/06\/Invitatie-parinti-participare-extragere-la-sorti-cls-pregatitoare-2024.pdf\" class=\"wp-block-file__button wp-element-button\" download aria-describedby=\"wp-block-file--media-84c9ca41-54ff-4ade-91d8-77b297211f88\">Descarc\u0103<\/a><\/div>\n\n\n\n<figure class=\"wp-block-table\"><table><tbody><tr><td>&nbsp;<\/td><\/tr><tr><td><strong>Linkul de conectare pentru repartizarea elevilor in clasa pregatitoare, an scolar 2024-2025<\/strong><\/td><\/tr><tr><td><a rel=\"noreferrer noopener\" target=\"_blank\" href=\"https:\/\/meet80.webex.com\/meet80\/j.php?MTID=m4198d71db9a3f6422176508f1aa60ee6\">https:\/\/meet80.webex.com\/meet80\/j.php?MTID=m4198d71db9a3f6422176508f1aa60ee6<\/a><\/td><\/tr><\/tbody><\/table><\/figure>\n\n\n\n<div data-wp-interactive=\"core\/file\" class=\"wp-block-file\"><object data-wp-bind--hidden=\"!state.hasPdfPreview\" hidden class=\"wp-block-file__embed\" data=\"https:\/\/scoalalucianblagabm.ro\/wp\/wp-content\/uploads\/2024\/05\/Lista-copiilor-admisi-in-clasa-pregatitoare-an-scolar-2024-2025-1.pdf\" type=\"application\/pdf\" style=\"width:100%;height:600px\" aria-label=\"\u00cenglobare pentru Lista-copiilor-admisi-in-clasa-pregatitoare-an-scolar-2024-2025-1.\"><\/object><a id=\"wp-block-file--media-0a88bdee-17b2-435f-a5a8-7c99f34ce1a3\" href=\"https:\/\/scoalalucianblagabm.ro\/wp\/wp-content\/uploads\/2024\/05\/Lista-copiilor-admisi-in-clasa-pregatitoare-an-scolar-2024-2025-1.pdf\">Lista-copiilor-admisi-in-clasa-pregatitoare-an-scolar-2024-2025-1<\/a><a href=\"https:\/\/scoalalucianblagabm.ro\/wp\/wp-content\/uploads\/2024\/05\/Lista-copiilor-admisi-in-clasa-pregatitoare-an-scolar-2024-2025-1.pdf\" class=\"wp-block-file__button wp-element-button\" download aria-describedby=\"wp-block-file--media-0a88bdee-17b2-435f-a5a8-7c99f34ce1a3\">Descarc\u0103<\/a><\/div>\n\n\n\n<p><strong>ANUN\u021a \u00ceNSCRIERE CLASA PREG\u0102TITOARE AN \u0218COLAR 2024-2025<\/strong><\/p>\n\n\n\n<p><strong>&nbsp;<\/strong><em>&nbsp;&nbsp;&nbsp;<\/em>&nbsp;<strong>COMPLETAREA \u0218I VALIDAREA CERERII-TIP DE \u00ceNSCRIERE&nbsp; \u00ceN CLASA PREG\u0102TITOARE PENTRU ANUL \u015eCOLAR 2024-2025<\/strong>&nbsp;SE FACE LA SECRETARIATUL UNIT\u0102\u0162II \u015eCOLARE, STRADA PROGRESULUI, NR.38, \u00ceN PERIOADA&nbsp;<strong>11.04.2024-14.05.2024, \u00eentre orele 8,00-18,00 (luni-joi) \u0219i 8,00-17,00 (vineri)<\/strong><strong>&nbsp;\u2013 PENTRU ETAPA I \u0219i&nbsp;<\/strong><strong>31.05.2024-07.06.2024, \u00eentre orele 8,00-18,00 (luni-joi) \u0219i 8,00-17,00 (vineri)<\/strong><strong>&nbsp; PENTRU ETAPA a II-a (DAC\u0102 MAI SUNT LOCURI DISPONIBILE DUPA ETAPA I) ,<\/strong>&nbsp;DE C\u0102TRE PARINTELE SAU TUTORELE COPILULUI, PE BAZA ACTELOR \u00ceN ORIGINAL.&nbsp;<\/p>\n\n\n\n<p><strong>ACTE NECESARE<\/strong><strong>:<\/strong><\/p>\n\n\n\n<p>&#8211;&nbsp;&nbsp; &nbsp; &nbsp; &nbsp;&nbsp;<strong>certificat de na\u0219tere copil, original \u0219i copie<\/strong><\/p>\n\n\n\n<p>&#8211;&nbsp;&nbsp; &nbsp; &nbsp; &nbsp;&nbsp;<strong>c\u0103r\u021bi de identitate pentru ambii p\u0103rin\u021bi, originale \u0219i copii<\/strong><\/p>\n\n\n\n<p>&#8211;&nbsp;&nbsp; &nbsp; &nbsp; &nbsp;&nbsp;<strong>de la medicul de familie: adeverin\u021b\u0103 cu vaccin\u0103rile, adeverin\u021ba de intrare \u00een colectivitate, adeverin\u021ba \u201dapt pentru \u0219coal\u0103\u201d<\/strong><\/p>\n\n\n\n<p>&#8211;&nbsp;&nbsp; &nbsp; &nbsp; &nbsp;&nbsp;<strong>dovada modului \u00een care se exercita autoritatea p\u0103rinteasc\u0103 \u0219i la care dintre p\u0103rin\u021bi a fost stabilit\u0103 locuin\u021ba minorului, pentru p\u0103rin\u021bii divor\u021ba\u021bi-sentinta de divor\u021b ;<\/strong><\/p>\n\n\n\n<p>&#8211;&nbsp;&nbsp; &nbsp; &nbsp; &nbsp;&nbsp;<strong>certificat de \u00eencadrare \u00een grad de handicap &#8211; copie (dac\u0103 este cazul)<\/strong><\/p>\n\n\n\n<p>&#8211;&nbsp;&nbsp; &nbsp; &nbsp; &nbsp;&nbsp;<strong>evaluarea psihosomatic\u0103 de la CJRAE pentru copii care \u00eemplinesc v\u00e2rsta de 6 ani \u00een perioada 1 septembrie- 31 decembrie 2024, pentru copiii care au\/nu au frecventat gradini\u021ba \u0219i pentru cei care s-au \u00eentors din str\u0103in\u0103tate<\/strong><\/p>\n\n\n\n<div data-wp-interactive=\"core\/file\" class=\"wp-block-file\"><object data-wp-bind--hidden=\"!state.hasPdfPreview\" hidden class=\"wp-block-file__embed\" data=\"https:\/\/scoalalucianblagabm.ro\/wp\/wp-content\/uploads\/2024\/03\/Circumscriptii-scolare-an-scolar-2024-2025.pdf\" type=\"application\/pdf\" style=\"width:100%;height:600px\" aria-label=\"\u00cenglobare pentru Circumscriptii-scolare-an-scolar-2024-2025.\"><\/object><a id=\"wp-block-file--media-739b7d68-a035-43f4-af22-576e7cf09b93\" href=\"https:\/\/scoalalucianblagabm.ro\/wp\/wp-content\/uploads\/2024\/03\/Circumscriptii-scolare-an-scolar-2024-2025.pdf\">Circumscriptii-scolare-an-scolar-2024-2025<\/a><a href=\"https:\/\/scoalalucianblagabm.ro\/wp\/wp-content\/uploads\/2024\/03\/Circumscriptii-scolare-an-scolar-2024-2025.pdf\" class=\"wp-block-file__button wp-element-button\" download aria-describedby=\"wp-block-file--media-739b7d68-a035-43f4-af22-576e7cf09b93\">Download<\/a><\/div>\n\n\n\n<div data-wp-interactive=\"core\/file\" class=\"wp-block-file\"><object data-wp-bind--hidden=\"!state.hasPdfPreview\" hidden class=\"wp-block-file__embed\" data=\"https:\/\/scoalalucianblagabm.ro\/wp\/wp-content\/uploads\/2024\/03\/Plan-scolarizare-an-scolar-2024-2025.pdf\" type=\"application\/pdf\" style=\"width:100%;height:600px\" aria-label=\"\u00cenglobare pentru Plan-scolarizare-an-scolar-2024-2025.\"><\/object><a id=\"wp-block-file--media-77b44e56-2939-4d74-80f2-97145547618c\" href=\"https:\/\/scoalalucianblagabm.ro\/wp\/wp-content\/uploads\/2024\/03\/Plan-scolarizare-an-scolar-2024-2025.pdf\">Plan-scolarizare-an-scolar-2024-2025<\/a><a href=\"https:\/\/scoalalucianblagabm.ro\/wp\/wp-content\/uploads\/2024\/03\/Plan-scolarizare-an-scolar-2024-2025.pdf\" class=\"wp-block-file__button wp-element-button\" download aria-describedby=\"wp-block-file--media-77b44e56-2939-4d74-80f2-97145547618c\">Download<\/a><\/div>\n\n\n\n<div data-wp-interactive=\"core\/file\" class=\"wp-block-file\"><object data-wp-bind--hidden=\"!state.hasPdfPreview\" hidden class=\"wp-block-file__embed\" data=\"https:\/\/scoalalucianblagabm.ro\/wp\/wp-content\/uploads\/2024\/03\/2024-03-15-4019-ome-met-inscriere-inv-primar-calendar-2024-2025.pdf\" type=\"application\/pdf\" style=\"width:100%;height:600px\" aria-label=\"\u00cenglobare pentru 2024-03-15-4019-Ordin privind metodologia de inscriere inv primar si calendarul inscrierii-2024-2025.\"><\/object><a id=\"wp-block-file--media-48503c15-f801-48e3-8729-0a4a4cd41717\" href=\"https:\/\/scoalalucianblagabm.ro\/wp\/wp-content\/uploads\/2024\/03\/2024-03-15-4019-ome-met-inscriere-inv-primar-calendar-2024-2025.pdf\">2024-03-15-4019-Ordin privind metodologia de inscriere inv primar si calendarul inscrierii-2024-2025<\/a><a href=\"https:\/\/scoalalucianblagabm.ro\/wp\/wp-content\/uploads\/2024\/03\/2024-03-15-4019-ome-met-inscriere-inv-primar-calendar-2024-2025.pdf\" class=\"wp-block-file__button wp-element-button\" download aria-describedby=\"wp-block-file--media-48503c15-f801-48e3-8729-0a4a4cd41717\">Download<\/a><\/div>\n\n\n\n<div data-wp-interactive=\"core\/file\" class=\"wp-block-file\"><object data-wp-bind--hidden=\"!state.hasPdfPreview\" hidden class=\"wp-block-file__embed\" data=\"https:\/\/scoalalucianblagabm.ro\/wp\/wp-content\/uploads\/2024\/06\/PO-cls-preg.pdf\" type=\"application\/pdf\" style=\"width:100%;height:600px\" aria-label=\"\u00cenglobare pentru PO-cls-preg.\"><\/object><a id=\"wp-block-file--media-7d8bf497-60f3-414f-bccc-dbf802c00971\" href=\"https:\/\/scoalalucianblagabm.ro\/wp\/wp-content\/uploads\/2024\/06\/PO-cls-preg.pdf\">PO-cls-preg<\/a><a href=\"https:\/\/scoalalucianblagabm.ro\/wp\/wp-content\/uploads\/2024\/06\/PO-cls-preg.pdf\" class=\"wp-block-file__button wp-element-button\" download aria-describedby=\"wp-block-file--media-7d8bf497-60f3-414f-bccc-dbf802c00971\">Descarc\u0103<\/a><\/div>\n\n\n\n<div data-wp-interactive=\"core\/file\" class=\"wp-block-file\"><object data-wp-bind--hidden=\"!state.hasPdfPreview\" hidden class=\"wp-block-file__embed\" data=\"https:\/\/scoalalucianblagabm.ro\/wp\/wp-content\/uploads\/2024\/03\/2024-03-01-3945-ome-proced-distrib-aleat-ante-presc-elevi-in-formatiuni-de-studiu.pdf\" type=\"application\/pdf\" style=\"width:100%;height:600px\" aria-label=\"\u00cenglobare pentru 2024-03-01-3945-ome-proced-distrib-aleat-ante-presc-elevi-in-formatiuni-de-studiu.\"><\/object><a id=\"wp-block-file--media-73e2cb32-3de0-40d7-8d29-6173ae292b61\" href=\"https:\/\/scoalalucianblagabm.ro\/wp\/wp-content\/uploads\/2024\/03\/2024-03-01-3945-ome-proced-distrib-aleat-ante-presc-elevi-in-formatiuni-de-studiu.pdf\">2024-03-01-3945-ome-proced-distrib-aleat-ante-presc-elevi-in-formatiuni-de-studiu<\/a><a href=\"https:\/\/scoalalucianblagabm.ro\/wp\/wp-content\/uploads\/2024\/03\/2024-03-01-3945-ome-proced-distrib-aleat-ante-presc-elevi-in-formatiuni-de-studiu.pdf\" class=\"wp-block-file__button wp-element-button\" download aria-describedby=\"wp-block-file--media-73e2cb32-3de0-40d7-8d29-6173ae292b61\">Download<\/a><\/div>\n","protected":false},"excerpt":{"rendered":"<p>&nbsp; Linkul de conectare pentru repartizarea elevilor in clasa pregatitoare, an scolar 2024-2025 https:\/\/meet80.webex.com\/meet80\/j.php?MTID=m4198d71db9a3f6422176508f1aa60ee6 ANUN\u021a \u00ceNSCRIERE CLASA PREG\u0102TITOARE AN \u0218COLAR 2024-2025 &nbsp;&nbsp;&nbsp;&nbsp;&nbsp;COMPLETAREA \u0218I VALIDAREA CERERII-TIP DE \u00ceNSCRIERE&nbsp; \u00ceN CLASA PREG\u0102TITOARE PENTRU ANUL \u015eCOLAR 2024-2025&nbsp;SE FACE LA SECRETARIATUL UNIT\u0102\u0162II \u015eCOLARE, STRADA PROGRESULUI, NR.38, \u00ceN PERIOADA&nbsp;11.04.2024-14.05.2024, \u00eentre orele 8,00-18,00 (luni-joi) \u0219i 8,00-17,00 (vineri)&nbsp;\u2013 PENTRU ETAPA I \u0219i&nbsp;31.05.2024-07.06.2024, &hellip; <a href=\"https:\/\/scoalalucianblagabm.ro\/wp\/?page_id=3026\" class=\"more-link\">Continu\u0103 s\u0103 cite\u0219ti <span class=\"screen-reader-text\">Informa\u021bii clasa preg\u0103titoare, an \u0219colar 2024-2025<\/span> <span class=\"meta-nav\">&rarr;<\/span><\/a><\/p>\n","protected":false},"author":1,"featured_media":0,"parent":0,"menu_order":0,"comment_status":"closed","ping_status":"closed","template":"","meta":{"footnotes":""},"class_list":["post-3026","page","type-page","status-publish","hentry"],"_links":{"self":[{"href":"https:\/\/scoalalucianblagabm.ro\/wp\/index.php?rest_route=\/wp\/v2\/pages\/3026","targetHints":{"allow":["GET"]}}],"collection":[{"href":"https:\/\/scoalalucianblagabm.ro\/wp\/index.php?rest_route=\/wp\/v2\/pages"}],"about":[{"href":"https:\/\/scoalalucianblagabm.ro\/wp\/index.php?rest_route=\/wp\/v2\/types\/page"}],"author":[{"embeddable":true,"href":"https:\/\/scoalalucianblagabm.ro\/wp\/index.php?rest_route=\/wp\/v2\/users\/1"}],"replies":[{"embeddable":true,"href":"https:\/\/scoalalucianblagabm.ro\/wp\/index.php?rest_route=%2Fwp%2Fv2%2Fcomments&post=3026"}],"version-history":[{"count":12,"href":"https:\/\/scoalalucianblagabm.ro\/wp\/index.php?rest_route=\/wp\/v2\/pages\/3026\/revisions"}],"predecessor-version":[{"id":3219,"href":"https:\/\/scoalalucianblagabm.ro\/wp\/index.php?rest_route=\/wp\/v2\/pages\/3026\/revisions\/3219"}],"wp:attachment":[{"href":"https:\/\/scoalalucianblagabm.ro\/wp\/index.php?rest_route=%2Fwp%2Fv2%2Fmedia&parent=3026"}],"curies":[{"name":"wp","href":"https:\/\/api.w.org\/{rel}","templated":true}]}}